{"id":16,"date":"2021-02-22T05:22:29","date_gmt":"2021-02-22T04:22:29","guid":{"rendered":"http:\/\/mias-abenteuerland.uikj.de\/wpmia\/?page_id=16"},"modified":"2022-11-01T19:56:00","modified_gmt":"2022-11-01T18:56:00","slug":"ueber-uns","status":"publish","type":"page","link":"https:\/\/mias-abenteuerland.com\/?page_id=16","title":{"rendered":"Was uns antreibt"},"content":{"rendered":"\t\t<div data-elementor-type=\"wp-page\" data-elementor-id=\"16\" class=\"elementor elementor-16\">\n\t\t\t\t\t\t<section class=\"elementor-section elementor-top-section elementor-element elementor-element-54df745 elementor-section-boxed elementor-section-height-default elementor-section-height-default\" data-id=\"54df745\" data-element_type=\"section\">\n\t\t\t\t\t\t<div class=\"elementor-container elementor-column-gap-default\">\n\t\t\t\t\t<div class=\"elementor-column elementor-col-25 elementor-top-column elementor-element elementor-element-9cb5cc9\" data-id=\"9cb5cc9\" data-element_type=\"column\">\n\t\t\t<div class=\"elementor-widget-wrap\">\n\t\t\t\t\t\t\t<\/div>\n\t\t<\/div>\n\t\t\t\t<div class=\"elementor-column elementor-col-50 elementor-top-column elementor-element elementor-element-33b5162\" data-id=\"33b5162\" data-element_type=\"column\">\n\t\t\t<div class=\"elementor-widget-wrap elementor-element-populated\">\n\t\t\t\t\t\t<div class=\"elementor-element elementor-element-0a86bdc elementor-widget elementor-widget-spacer\" data-id=\"0a86bdc\" data-element_type=\"widget\" data-widget_type=\"spacer.default\">\n\t\t\t\t<div class=\"elementor-widget-container\">\n\t\t\t\t\t\t\t<div class=\"elementor-spacer\">\n\t\t\t<div class=\"elementor-spacer-inner\"><\/div>\n\t\t<\/div>\n\t\t\t\t\t\t<\/div>\n\t\t\t\t<\/div>\n\t\t\t\t<div class=\"elementor-element elementor-element-c2218c7 elementor-widget elementor-widget-heading\" data-id=\"c2218c7\" data-element_type=\"widget\" data-widget_type=\"heading.default\">\n\t\t\t\t<div class=\"elementor-widget-container\">\n\t\t\t\t\t<h2 class=\"elementor-heading-title elementor-size-xxl\">Die Idee...<\/h2>\t\t\t\t<\/div>\n\t\t\t\t<\/div>\n\t\t\t\t<div class=\"elementor-element elementor-element-f3f3fa7 elementor-widget-divider--view-line elementor-widget elementor-widget-divider\" data-id=\"f3f3fa7\" data-element_type=\"widget\" data-widget_type=\"divider.default\">\n\t\t\t\t<div class=\"elementor-widget-container\">\n\t\t\t\t\t\t\t<div class=\"elementor-divider\">\n\t\t\t<span class=\"elementor-divider-separator\">\n\t\t\t\t\t\t<\/span>\n\t\t<\/div>\n\t\t\t\t\t\t<\/div>\n\t\t\t\t<\/div>\n\t\t\t\t<div class=\"elementor-element elementor-element-4157993 elementor-widget elementor-widget-heading\" data-id=\"4157993\" data-element_type=\"widget\" data-widget_type=\"heading.default\">\n\t\t\t\t<div class=\"elementor-widget-container\">\n\t\t\t\t\t<h2 class=\"elementor-heading-title elementor-size-large\">BUNT - Die gro\u00dfe \u00dcberschrift<\/h2>\t\t\t\t<\/div>\n\t\t\t\t<\/div>\n\t\t\t\t<div class=\"elementor-element elementor-element-7dd8863 elementor-widget elementor-widget-text-editor\" data-id=\"7dd8863\" data-element_type=\"widget\" data-widget_type=\"text-editor.default\">\n\t\t\t\t<div class=\"elementor-widget-container\">\n\t\t\t\t\t\t\t\t\t<h3><span style=\"font-weight: normal;\">Wenn mich jemand fragt, warum ich so bunt angezogen bin, antworte ich meist: &#8222;Die Welt ist doch schon grau genug&#8220;&#8230;.<\/span><\/h3>\n<h3><span style=\"font-weight: normal;\">So f\u00e4ngt dann gerne mal ein Gespr\u00e4ch \u00fcber unsere Idee, die Vision hinter MIAS Abenteuerland an.<\/span><\/h3>\n<h3><span style=\"font-weight: normal;\">Die Aussage \u00fcber die graue Welt trifft leider viel zu oft in unserer Gesellschaft zu. Alles muss immer perfekt sein, alles muss zu 100% funktionieren. Es gibt nur einen vermeintlich richtigen Weg und der ist vorgegeben. Ein Abweichen davon ist f\u00fcr viele gerne undenkbar.<\/span><\/h3>\n<h3><span style=\"font-weight: normal;\">Ich sehe das anders! Warum darf nicht jeder so sein wie er ist? Jeder f\u00fcr das einstehen, was ihm wichtig ist und bewegt. Warum nicht mal abseits der eingetretenen Pfade nach dem passendem Weg suchen?<\/span><\/h3>\n<h3><span style=\"font-weight: normal;\">Ich finde die die Natur zeigt uns, wie vielf\u00e4ltig Leben sein kann. Egal wie verschieden, es hat alles seine Berechtigung!<\/span><\/h3>\n<h3><span style=\"font-weight: normal;\">In MIAS Abenteuerland kommen viele Dinge zusammen&#8230; die gro\u00dfe Leidenschaft f\u00fcr Kreatives und die Liebe zur Natur. Deshalb findet ihr bei uns die vielf\u00e4ltigsten Sch\u00e4tze unter der gro\u00dfen \u00dcberschrift BUNT.<\/span><\/h3>\n<h3><span style=\"font-weight: normal;\">Bunte Stoffe und vieles was das Herz der N\u00e4hbegeisterten h\u00f6her schlagen l\u00e4sst! Selbstgen\u00e4hte Kleidung ist eine tolle M\u00f6glichkeit man selbst zu sein.. egal was zur Zeit Mode ist oder nicht, jeder hat seinen eigenen Stil, dazu zu stehen gibt Kraft und Pers\u00f6nlichkeit zugleich. Selbstgen\u00e4hte Kleidung sitzt und passt genau zur individuellen Figur, wir sind n\u00e4mlich nicht alle gleich und das ist auch gut so!<\/span><\/h3>\n<h3><span style=\"font-weight: normal;\">Mit selbstgen\u00e4hten Accessoires und Deko l\u00e4sst sich auch die Wohnung in eine ganz pers\u00f6nliche Wohlf\u00fchloase verwandeln, unabh\u00e4ngig vom Mainstream.<\/span><\/h3>\n<h3><span style=\"font-weight: normal;\">Zu Guter Letzt k\u00f6nnen wir mit selbstgen\u00e4hten Sch\u00e4tzen die nachhaltige und umweltbewusste Nutzung von Kleidung um ein vielfaches Verbessern. Weg von der Wegwerfmentalit\u00e4t hin zu mehr Wertsch\u00e4tzung.<\/span><\/h3>\n<h3><span style=\"font-weight: normal;\">Als gelernte Agraringenieurin liegt mir die Natur am Herzen. Die Vielf\u00e4ltigkeit und deren Wert f\u00fcr den Menschen sind mir besonders wichtig. So bauen wir seit einigen Jahren viele verschiedene, historische Tomatensorten an. Im Fr\u00fchjahr bekommt ihr Jungpflanzen, in der Erntezeit kann man sich dann durch die verschiedenen Sorten probieren. Wusstet ihr, das die alten Sorten h\u00e4ufig auch von Personen vertragen werden, die sonst auf Tomaten allergisch reagieren?<\/span><\/h3>\n<h3><span style=\"font-weight: normal;\">Vielf\u00e4ltigkeit gibt es auch bei Kartoffeln. Es muss nicht immer nur die uniforme, leicht ovale Sorte aus dem Supermarkt sein. Es gib viele Formen und Farben und alle haben ihre ganz eigene Geschmacksnote. Es lohnt sich mal genauer hin zu schauen und auch auf dem teller auf BUNT zu setzten. Wir haben H\u00f6rnchenkartoffeln, blau- und rotfleischige Sorten, Sorten mit &#8222;Lidschatten&#8220; aber auch recht &#8222;normale&#8220; Sorten im Anbau. Ab Herbst k\u00f6nnen sie bei uns erworben werden. Je nach Erntemenge und Lagertemperaturen, bekommt man dann bis ins Fr\u00fchjahr bunte Sch\u00e4tze f\u00fcr den Teller!<\/span><\/h3>\n<h3><span style=\"font-weight: normal;\">Im Herbst kommen dann auch die K\u00fcrbisse hinzu. Jenseits von den bekannten Hokkaidos und Co gibt es auch hier eine gro\u00dfe Vielzahl an Sorten. Der K\u00fcrbis ist ein sehr vielf\u00e4ltiges Gem\u00fcse und seit jeher nicht nur zu Halloween toll. Eigentlich geh\u00f6rt er zu den Winterlagergem\u00fcsen und ist \u00fcber einen l\u00e4ngeren Zeitraum unkompliziert aufzubewahren. So hat man auch im Dezember noch ein leckeres, frisches Gem\u00fcse zur Hand.<\/span><\/h3>\n<h3><span style=\"font-weight: normal;\">Der Herbst wird bei uns BUNT!<\/span><\/h3>\n<h3><span style=\"font-weight: normal;\">Wie ihr seht ist BUNT nicht nur was f\u00fcr &#8222;Ausgeflippte&#8220; &#8230; es lohnt sich die Welt gemeinsam ein St\u00fcck bunter und lebenswerter zu machen! Seid ihr dabei?<\/span><\/h3>\t\t\t\t\t\t\t\t<\/div>\n\t\t\t\t<\/div>\n\t\t\t\t\t<\/div>\n\t\t<\/div>\n\t\t\t\t<div class=\"elementor-column elementor-col-25 elementor-top-column elementor-element elementor-element-36be844\" data-id=\"36be844\" data-element_type=\"column\">\n\t\t\t<div class=\"elementor-widget-wrap\">\n\t\t\t\t\t\t\t<\/div>\n\t\t<\/div>\n\t\t\t\t\t<\/div>\n\t\t<\/section>\n\t\t\t\t<section class=\"elementor-section elementor-top-section elementor-element elementor-element-290d0c77 elementor-section-content-top elementor-section-boxed elementor-section-height-default elementor-section-height-default\" data-id=\"290d0c77\" data-element_type=\"section\" data-settings=\"{&quot;background_background&quot;:&quot;classic&quot;}\">\n\t\t\t\t\t\t<div class=\"elementor-container elementor-column-gap-default\">\n\t\t\t\t\t<div class=\"elementor-column elementor-col-33 elementor-top-column elementor-element elementor-element-79c343aa\" data-id=\"79c343aa\" data-element_type=\"column\">\n\t\t\t<div class=\"elementor-widget-wrap elementor-element-populated\">\n\t\t\t\t\t\t<div class=\"elementor-element elementor-element-1d47bdb6 elementor-widget elementor-widget-image\" data-id=\"1d47bdb6\" data-element_type=\"widget\" data-widget_type=\"image.default\">\n\t\t\t\t<div class=\"elementor-widget-container\">\n\t\t\t\t\t\t\t\t\t\t\t\t\t\t\t\t<a href=\"https:\/\/mias-abenteuerland.com\">\n\t\t\t\t\t\t\t<img decoding=\"async\" width=\"150\" height=\"150\" src=\"https:\/\/mias-abenteuerland.com\/wpmia\/wp-content\/uploads\/2021\/02\/Elefantklein70-removebg-preview-1-150x150.png\" class=\"attachment-thumbnail size-thumbnail wp-image-43\" alt=\"\" srcset=\"https:\/\/mias-abenteuerland.com\/wpmia\/wp-content\/uploads\/2021\/02\/Elefantklein70-removebg-preview-1-150x150.png 150w, https:\/\/mias-abenteuerland.com\/wpmia\/wp-content\/uploads\/2021\/02\/Elefantklein70-removebg-preview-1-300x300.png 300w, https:\/\/mias-abenteuerland.com\/wpmia\/wp-content\/uploads\/2021\/02\/Elefantklein70-removebg-preview-1.png 500w\" sizes=\"(max-width: 150px) 100vw, 150px\" \/>\t\t\t\t\t\t\t\t<\/a>\n\t\t\t\t\t\t\t\t\t\t\t\t\t\t\t<\/div>\n\t\t\t\t<\/div>\n\t\t\t\t\t<\/div>\n\t\t<\/div>\n\t\t\t\t<div class=\"elementor-column elementor-col-33 elementor-top-column elementor-element elementor-element-24bad917\" data-id=\"24bad917\" data-element_type=\"column\">\n\t\t\t<div class=\"elementor-widget-wrap elementor-element-populated\">\n\t\t\t\t\t\t<div class=\"elementor-element elementor-element-6218ee3b elementor-widget elementor-widget-heading\" data-id=\"6218ee3b\" data-element_type=\"widget\" data-widget_type=\"heading.default\">\n\t\t\t\t<div class=\"elementor-widget-container\">\n\t\t\t\t\t<h2 class=\"elementor-heading-title elementor-size-default\"><a href=\"https:\/\/mias-abenteuerland.com\/?page_id=542\">AGB<\/a><\/h2>\t\t\t\t<\/div>\n\t\t\t\t<\/div>\n\t\t\t\t<div class=\"elementor-element elementor-element-58cb5bf7 elementor-widget elementor-widget-heading\" data-id=\"58cb5bf7\" data-element_type=\"widget\" data-widget_type=\"heading.default\">\n\t\t\t\t<div class=\"elementor-widget-container\">\n\t\t\t\t\t<h2 class=\"elementor-heading-title elementor-size-default\"><a href=\"https:\/\/mias-abenteuerland.com\/?page_id=3\">Datenschutzerkl\u00e4rung<\/a><\/h2>\t\t\t\t<\/div>\n\t\t\t\t<\/div>\n\t\t\t\t<div class=\"elementor-element elementor-element-2bf8a9aa elementor-widget elementor-widget-heading\" data-id=\"2bf8a9aa\" data-element_type=\"widget\" data-widget_type=\"heading.default\">\n\t\t\t\t<div class=\"elementor-widget-container\">\n\t\t\t\t\t<h2 class=\"elementor-heading-title elementor-size-default\"><a href=\"https:\/\/mias-abenteuerland.com\/?page_id=540\">Widerrufsbelehrung<\/a><\/h2>\t\t\t\t<\/div>\n\t\t\t\t<\/div>\n\t\t\t\t<div class=\"elementor-element elementor-element-699d5eac elementor-widget elementor-widget-heading\" data-id=\"699d5eac\" data-element_type=\"widget\" data-widget_type=\"heading.default\">\n\t\t\t\t<div class=\"elementor-widget-container\">\n\t\t\t\t\t<h2 class=\"elementor-heading-title elementor-size-default\"><a href=\"https:\/\/mias-abenteuerland.com\/?page_id=538\">Impressum<\/a><\/h2>\t\t\t\t<\/div>\n\t\t\t\t<\/div>\n\t\t\t\t\t<\/div>\n\t\t<\/div>\n\t\t\t\t<div class=\"elementor-column elementor-col-33 elementor-top-column elementor-element elementor-element-63e2014c\" data-id=\"63e2014c\" data-element_type=\"column\">\n\t\t\t<div class=\"elementor-widget-wrap elementor-element-populated\">\n\t\t\t\t\t\t<div class=\"elementor-element elementor-element-2afb661 elementor-widget elementor-widget-heading\" data-id=\"2afb661\" data-element_type=\"widget\" data-widget_type=\"heading.default\">\n\t\t\t\t<div class=\"elementor-widget-container\">\n\t\t\t\t\t<h2 class=\"elementor-heading-title elementor-size-default\">Soziale Medien<\/h2>\t\t\t\t<\/div>\n\t\t\t\t<\/div>\n\t\t\t\t<div class=\"elementor-element elementor-element-587be266 e-grid-align-mobile-center elementor-shape-rounded elementor-grid-0 elementor-widget elementor-widget-social-icons\" data-id=\"587be266\" data-element_type=\"widget\" data-widget_type=\"social-icons.default\">\n\t\t\t\t<div class=\"elementor-widget-container\">\n\t\t\t\t\t\t\t<div class=\"elementor-social-icons-wrapper elementor-grid\" role=\"list\">\n\t\t\t\t\t\t\t<span class=\"elementor-grid-item\" role=\"listitem\">\n\t\t\t\t\t<a class=\"elementor-icon elementor-social-icon elementor-social-icon-facebook-f elementor-animation-float elementor-repeater-item-b0a5f71\" href=\"https:\/\/www.facebook.com\/MIAS.Abenteuerland\" target=\"_blank\">\n\t\t\t\t\t\t<span class=\"elementor-screen-only\">Facebook-f<\/span>\n\t\t\t\t\t\t<i class=\"fab fa-facebook-f\"><\/i>\t\t\t\t\t<\/a>\n\t\t\t\t<\/span>\n\t\t\t\t\t\t\t<span class=\"elementor-grid-item\" role=\"listitem\">\n\t\t\t\t\t<a class=\"elementor-icon elementor-social-icon elementor-social-icon-instagram elementor-animation-float elementor-repeater-item-b39c128\" href=\"https:\/\/www.instagram.com\/mias_abenteuerland\/\" target=\"_blank\">\n\t\t\t\t\t\t<span class=\"elementor-screen-only\">Instagram<\/span>\n\t\t\t\t\t\t<i class=\"fab fa-instagram\"><\/i>\t\t\t\t\t<\/a>\n\t\t\t\t<\/span>\n\t\t\t\t\t<\/div>\n\t\t\t\t\t\t<\/div>\n\t\t\t\t<\/div>\n\t\t\t\t<div class=\"elementor-element elementor-element-376af733 elementor-widget elementor-widget-heading\" data-id=\"376af733\" data-element_type=\"widget\" data-widget_type=\"heading.default\">\n\t\t\t\t<div class=\"elementor-widget-container\">\n\t\t\t\t\t<h4 class=\"elementor-heading-title elementor-size-medium\">Mobil: 01727147073<\/h4>\t\t\t\t<\/div>\n\t\t\t\t<\/div>\n\t\t\t\t\t<\/div>\n\t\t<\/div>\n\t\t\t\t\t<\/div>\n\t\t<\/section>\n\t\t\t\t<\/div>\n\t\t","protected":false},"excerpt":{"rendered":"<p>Die Idee&#8230; BUNT &#8211; Die gro\u00dfe \u00dcberschrift Wenn mich jemand fragt, warum ich so bunt angezogen bin, antworte ich meist: &#8222;Die Welt ist doch schon grau genug&#8220;&#8230;. So f\u00e4ngt dann gerne mal ein Gespr\u00e4ch \u00fcber unsere Idee, die Vision hinter MIAS Abenteuerland an. Die Aussage \u00fcber die graue Welt trifft leider viel zu oft in [&hellip;]<\/p>\n","protected":false},"author":1,"featured_media":0,"parent":0,"menu_order":0,"comment_status":"closed","ping_status":"closed","template":"","meta":{"ocean_post_layout":"full-screen","ocean_both_sidebars_style":"","ocean_both_sidebars_content_width":0,"ocean_both_sidebars_sidebars_width":0,"ocean_sidebar":"0","ocean_second_sidebar":"0","ocean_disable_margins":"enable","ocean_add_body_class":"","ocean_shortcode_before_top_bar":"","ocean_shortcode_after_top_bar":"","ocean_shortcode_before_header":"","ocean_shortcode_after_header":"","ocean_has_shortcode":"","ocean_shortcode_after_title":"","ocean_shortcode_before_footer_widgets":"","ocean_shortcode_after_footer_widgets":"","ocean_shortcode_before_footer_bottom":"","ocean_shortcode_after_footer_bottom":"","ocean_display_top_bar":"on","ocean_display_header":"on","ocean_header_style":"","ocean_center_header_left_menu":"0","ocean_custom_header_template":"0","ocean_custom_logo":0,"ocean_custom_retina_logo":0,"ocean_custom_logo_max_width":0,"ocean_custom_logo_tablet_max_width":0,"ocean_custom_logo_mobile_max_width":0,"ocean_custom_logo_max_height":0,"ocean_custom_logo_tablet_max_height":0,"ocean_custom_logo_mobile_max_height":0,"ocean_header_custom_menu":"0","ocean_menu_typo_font_family":"0","ocean_menu_typo_font_subset":"","ocean_menu_typo_font_size":0,"ocean_menu_typo_font_size_tablet":0,"ocean_menu_typo_font_size_mobile":0,"ocean_menu_typo_font_size_unit":"px","ocean_menu_typo_font_weight":"","ocean_menu_typo_font_weight_tablet":"","ocean_menu_typo_font_weight_mobile":"","ocean_menu_typo_transform":"","ocean_menu_typo_transform_tablet":"","ocean_menu_typo_transform_mobile":"","ocean_menu_typo_line_height":0,"ocean_menu_typo_line_height_tablet":0,"ocean_menu_typo_line_height_mobile":0,"ocean_menu_typo_line_height_unit":"","ocean_menu_typo_spacing":0,"ocean_menu_typo_spacing_tablet":0,"ocean_menu_typo_spacing_mobile":0,"ocean_menu_typo_spacing_unit":"","ocean_menu_link_color":"","ocean_menu_link_color_hover":"","ocean_menu_link_color_active":"","ocean_menu_link_background":"","ocean_menu_link_hover_background":"","ocean_menu_link_active_background":"","ocean_menu_social_links_bg":"","ocean_menu_social_hover_links_bg":"","ocean_menu_social_links_color":"","ocean_menu_social_hover_links_color":"","ocean_disable_title":"on","ocean_disable_heading":"default","ocean_post_title":"","ocean_post_subheading":"","ocean_post_title_style":"","ocean_post_title_background_color":"","ocean_post_title_background":0,"ocean_post_title_bg_image_position":"","ocean_post_title_bg_image_attachment":"","ocean_post_title_bg_image_repeat":"","ocean_post_title_bg_image_size":"","ocean_post_title_height":0,"ocean_post_title_bg_overlay":0.5,"ocean_post_title_bg_overlay_color":"","ocean_disable_breadcrumbs":"default","ocean_breadcrumbs_color":"","ocean_breadcrumbs_separator_color":"","ocean_breadcrumbs_links_color":"","ocean_breadcrumbs_links_hover_color":"","ocean_display_footer_widgets":"off","ocean_display_footer_bottom":"off","ocean_custom_footer_template":"0","footnotes":""},"class_list":["post-16","page","type-page","status-publish","hentry","entry"],"_links":{"self":[{"href":"https:\/\/mias-abenteuerland.com\/index.php?rest_route=\/wp\/v2\/pages\/16","targetHints":{"allow":["GET"]}}],"collection":[{"href":"https:\/\/mias-abenteuerland.com\/index.php?rest_route=\/wp\/v2\/pages"}],"about":[{"href":"https:\/\/mias-abenteuerland.com\/index.php?rest_route=\/wp\/v2\/types\/page"}],"author":[{"embeddable":true,"href":"https:\/\/mias-abenteuerland.com\/index.php?rest_route=\/wp\/v2\/users\/1"}],"replies":[{"embeddable":true,"href":"https:\/\/mias-abenteuerland.com\/index.php?rest_route=%2Fwp%2Fv2%2Fcomments&post=16"}],"version-history":[{"count":0,"href":"https:\/\/mias-abenteuerland.com\/index.php?rest_route=\/wp\/v2\/pages\/16\/revisions"}],"wp:attachment":[{"href":"https:\/\/mias-abenteuerland.com\/index.php?rest_route=%2Fwp%2Fv2%2Fmedia&parent=16"}],"curies":[{"name":"wp","href":"https:\/\/api.w.org\/{rel}","templated":true}]}}