{"id":47,"date":"2021-02-23T21:59:09","date_gmt":"2021-02-23T20:59:09","guid":{"rendered":"https:\/\/mias-abenteuerland.uikj.de\/wpmia\/?page_id=47"},"modified":"2022-09-10T13:36:55","modified_gmt":"2022-09-10T11:36:55","slug":"was-ihr-bei-uns-findet","status":"publish","type":"page","link":"https:\/\/mias-abenteuerland.com\/?page_id=47","title":{"rendered":"Was ihr bei uns findet"},"content":{"rendered":"\t\t<div data-elementor-type=\"wp-page\" data-elementor-id=\"47\" class=\"elementor elementor-47\">\n\t\t\t\t\t\t<section class=\"elementor-section elementor-top-section elementor-element elementor-element-8f483d6 elementor-section-full_width elementor-section-height-default elementor-section-height-default\" data-id=\"8f483d6\" data-element_type=\"section\">\n\t\t\t\t\t\t<div class=\"elementor-container elementor-column-gap-default\">\n\t\t\t\t\t<div class=\"elementor-column elementor-col-100 elementor-top-column elementor-element elementor-element-ec70168\" data-id=\"ec70168\" data-element_type=\"column\">\n\t\t\t<div class=\"elementor-widget-wrap elementor-element-populated\">\n\t\t\t\t\t\t<div class=\"elementor-element elementor-element-a662cca elementor-widget elementor-widget-image\" data-id=\"a662cca\" data-element_type=\"widget\" data-widget_type=\"image.default\">\n\t\t\t\t<div class=\"elementor-widget-container\">\n\t\t\t\t\t\t\t\t\t\t\t\t\t\t\t<img decoding=\"async\" src=\"https:\/\/mias-abenteuerland.com\/wpmia\/wp-content\/uploads\/2021\/02\/20190921_130045_resized_1-scaled.jpg\" title=\"20190921_130045_resized_1\" alt=\"20190921_130045_resized_1\" loading=\"lazy\" \/>\t\t\t\t\t\t\t\t\t\t\t\t\t\t\t<\/div>\n\t\t\t\t<\/div>\n\t\t\t\t\t<\/div>\n\t\t<\/div>\n\t\t\t\t\t<\/div>\n\t\t<\/section>\n\t\t\t\t<section class=\"elementor-section elementor-top-section elementor-element elementor-element-1e35667 elementor-section-boxed elementor-section-height-default elementor-section-height-default\" data-id=\"1e35667\" data-element_type=\"section\">\n\t\t\t\t\t\t<div class=\"elementor-container elementor-column-gap-default\">\n\t\t\t\t\t<div class=\"elementor-column elementor-col-25 elementor-top-column elementor-element elementor-element-349c7af\" data-id=\"349c7af\" data-element_type=\"column\">\n\t\t\t<div class=\"elementor-widget-wrap\">\n\t\t\t\t\t\t\t<\/div>\n\t\t<\/div>\n\t\t\t\t<div class=\"elementor-column elementor-col-50 elementor-top-column elementor-element elementor-element-cff56d8\" data-id=\"cff56d8\" data-element_type=\"column\">\n\t\t\t<div class=\"elementor-widget-wrap elementor-element-populated\">\n\t\t\t\t\t\t<div class=\"elementor-element elementor-element-f388db5 elementor-widget elementor-widget-spacer\" data-id=\"f388db5\" data-element_type=\"widget\" data-widget_type=\"spacer.default\">\n\t\t\t\t<div class=\"elementor-widget-container\">\n\t\t\t\t\t\t\t<div class=\"elementor-spacer\">\n\t\t\t<div class=\"elementor-spacer-inner\"><\/div>\n\t\t<\/div>\n\t\t\t\t\t\t<\/div>\n\t\t\t\t<\/div>\n\t\t\t\t<div class=\"elementor-element elementor-element-0f8ea09 elementor-widget elementor-widget-heading\" data-id=\"0f8ea09\" data-element_type=\"widget\" data-widget_type=\"heading.default\">\n\t\t\t\t<div class=\"elementor-widget-container\">\n\t\t\t\t\t<h2 class=\"elementor-heading-title elementor-size-xxl\"><span style=\"color: #113df5;font-family: Cinzel, sans-serif;font-size: 14pt\"><\/span>MIAS Abenteuerland - Vielfalt in BUNT<\/h2>\t\t\t\t<\/div>\n\t\t\t\t<\/div>\n\t\t\t\t<div class=\"elementor-element elementor-element-0f115af elementor-widget elementor-widget-text-editor\" data-id=\"0f115af\" data-element_type=\"widget\" data-widget_type=\"text-editor.default\">\n\t\t\t\t<div class=\"elementor-widget-container\">\n\t\t\t\t\t\t\t\t\t<p><span style=\"font-size: 14pt;\">(Fast) Alles was das N\u00e4h-herz h\u00f6her schlagen l\u00e4sst<br \/><\/span><\/p><p><span style=\"font-size: 14pt; font-family: Tahoma, Geneva, sans-serif; color: #113df5;\">Ein gro\u00dfes Herzst\u00fcck im Abenteuerland sind die Stoffe. Ihr findet bei uns mit viel Liebe und Herzblut ausgew\u00e4hlte Sch\u00e4tze aus ganz vielen Stoffqualit\u00e4ten&#8230;. Jersey, Baumwolle, Patchworkstoffe, Sweat, French Terry, Alpenfleece, Dekostoffe, Softshell, Strick, Nicki, Stretchcord, Jeans\/Chambrai, Breitcord und Feincord, Spitze, Leinen, Viskose, Kunstleder, Kork.<span style=\"color: #113df5; font-family: Tahoma, Geneva, sans-serif;\">.. und immer wieder testen wir Neues.<\/span><\/span><\/p><p><span style=\"font-size: 14pt; font-family: Tahoma, Geneva, sans-serif; color: #113df5;\">Von guten Angeboten bis zu Designersch\u00e4tzen.. f\u00fcr jeden ist etwas dabei!<\/span><\/p><p><span style=\"font-size: 14pt; font-family: Tahoma, Geneva, sans-serif; color: #113df5;\">Bei aller Liebe f\u00fcr all die Stoffsch\u00e4tze, stehen f\u00fcr mich die amerikanischen Stoffe von <i>M. Miller, R. Kaufmann und Wilmington Prints<\/i> ganz oben auf der Lieblingsliste. Allem voran, die Batikstoffe von Kaufmann. Die Qualit\u00e4t ist einfach unschlagbar!<br \/><\/span><\/p><p><span style=\"font-size: 14pt; font-family: Tahoma, Geneva, sans-serif; color: #113df5;\">Zu alle den Stoffsch\u00e4tzen gesellen sich dann noch jede Menge Webb\u00e4nder (vorallem farbenmix), Kordeln, Spitze, Gurtband u.v.m. Perfekte Erg\u00e4nzung f\u00fcr eure N\u00e4hprojekte!<\/span><\/p><p><span style=\"font-size: 14pt; font-family: Tahoma, Geneva, sans-serif; color: #113df5;\">Wer mich kennt wei\u00df, ich n\u00e4he am Liebsten Bekleidung.. Ich habe seit Jahren f\u00fcr mich kein Oberteil gekauft (ausgenommen Arbeitsbekleidung f\u00fcr den Hof) und n\u00e4he sie mir einfach selbst. Daf\u00fcr nutze ich am h\u00e4ufigsten die Schnittmuster von <i>lillesol&amp;pelle<\/i>, wof\u00fcr ich auch seit Jahren zur Probe n\u00e4hen darf.\u00a0 Deshalb findet ihr ihre Schnitte auch bei mir als Papierschnittmuster. Dazu kommen noch Schnittmuster von <i>kibadoo <\/i>und gelegentlich, als Erg\u00e4nzung <i>farbenmix<\/i>.<br \/><\/span><\/p><p><span style=\"font-size: 14pt; font-family: Tahoma, Geneva, sans-serif; color: #113df5;\">F\u00fcr Fragen rund ums N\u00e4hen, sind wir gerne f\u00fcr euch da. Soweit es in unserer Macht steht, helfen wir sehr gerne weiter!<\/span><\/p>\t\t\t\t\t\t\t\t<\/div>\n\t\t\t\t<\/div>\n\t\t\t\t<div class=\"elementor-element elementor-element-94985e8 elementor-widget elementor-widget-image\" data-id=\"94985e8\" data-element_type=\"widget\" data-widget_type=\"image.default\">\n\t\t\t\t<div class=\"elementor-widget-container\">\n\t\t\t\t\t\t\t\t\t\t\t\t\t\t\t<img fetchpriority=\"high\" decoding=\"async\" width=\"248\" height=\"300\" src=\"https:\/\/mias-abenteuerland.com\/wpmia\/wp-content\/uploads\/2022\/09\/20220910_125206-248x300.jpg\" class=\"attachment-medium size-medium wp-image-2477\" alt=\"\" srcset=\"https:\/\/mias-abenteuerland.com\/wpmia\/wp-content\/uploads\/2022\/09\/20220910_125206-248x300.jpg 248w, https:\/\/mias-abenteuerland.com\/wpmia\/wp-content\/uploads\/2022\/09\/20220910_125206.jpg 463w\" sizes=\"(max-width: 248px) 100vw, 248px\" \/>\t\t\t\t\t\t\t\t\t\t\t\t\t\t\t<\/div>\n\t\t\t\t<\/div>\n\t\t\t\t<div class=\"elementor-element elementor-element-46e2e64 elementor-widget elementor-widget-text-editor\" data-id=\"46e2e64\" data-element_type=\"widget\" data-widget_type=\"text-editor.default\">\n\t\t\t\t<div class=\"elementor-widget-container\">\n\t\t\t\t\t\t\t\t\t<p><span style=\"font-size: 14.0pt; font-family: 'Tahoma','sans-serif';\">Noch mehr BUNT<\/span><\/p><p><span style=\"font-size: 14.0pt; font-family: 'Tahoma','sans-serif'; color: #113df5;\">Das zweite Herzst\u00fcck beruht auf meiner eigentlichen Ausbildung als Agraringenieurin. Wir m\u00f6chten mit euch unsere Leidenschaft f\u00fcr alte Gem\u00fcsesorten teilen. Es gibt ein so gro\u00dfes &#8222;mehr&#8220;, als das was man standardgem\u00e4\u00df in den Superm\u00e4rkten findet. Deshalb bauen wir neben einem kleinen Anteil &#8222;normaler&#8220; Sorten, vorallem alte und historische Sorten an. <\/span><\/p><p><span style=\"font-size: 14.0pt; font-family: 'Tahoma','sans-serif'; color: #113df5;\">Dazu geh\u00f6ren unser <i>Kartoffeln<\/i>. Ihr findet bei uns auch blaufleischige und rotfleischige Sorten,<\/span> <span style=\"font-size: 14.0pt; font-family: 'Tahoma','sans-serif'; color: #113df5;\">H\u00f6rnchenkartoffeln in verschieden Sorten und auch eine mehligere Sorte, denn die meisten sind vorwiegend festkochen bis festkochend.<\/span><\/p><p><i><span style=\"font-size: 14.0pt; font-family: 'Tahoma','sans-serif'; color: #113df5;\">Tomaten<\/span><\/i><span style=\"font-size: 14.0pt; font-family: 'Tahoma','sans-serif'; color: #113df5;\"> geh\u00f6ren auch zu der gro\u00dfen Vielfalt. In diesem Jahr hatten wir um die 1500 Pflanzen aus 53 verschiedenen Sorten in der Aufzucht. Ihr bekommt ab Ende April\/Anfang Mai bis max. Ende Mai (je nach Witterung) die Jungpflanzen aus eigener Anzucht. Ab Ende Juli\/Anfang August geht dann der Verkauf der Tomate als solches los. Gut 300 Pflanzen stehen bei uns im Folientunnel und so kann man sich dann, wenn man mag auch gerne mal durch sie Sorten probieren. Denn trotz aller Begeisterung gilt nat\u00fcrlich auch bei alten Sorten.. am Ende ist vieles auch Geschmackssache.. und jeder empfindet anders. Also einfach mal ausprobieren!<\/span><\/p><p><span style=\"font-size: 14.0pt; font-family: 'Tahoma','sans-serif'; color: #113df5;\">Zu Tomaten und Kartoffeln gesellen sich im Herbst eine Vielzahl an verschiedenster <i>K\u00fcrbis<\/i>sorten! Hier ist dann au\u00dfnahmsweise nicht alt und historisch die Priorit\u00e4t (wobei das auch hier oft zutrifft)<\/span><span style=\"font-size: 14.0pt; font-family: 'Tahoma','sans-serif';\"> <span style=\"color: #113df5;\">sondern die VIELFALT!\u00a0 Es gibt so viel mehr an Sorten als den \u00fcblichen Hokkaido, Butternut und Halloweenk\u00fcrbis. Auch die sind nat\u00fcrlich bei uns dabei.. aber eben auch etwa 35 bis 40 weitere Sorten, wie z.B. verschiedene Spagettik\u00fcrbisse oder Mikrowellenk\u00fcrbisse. Auch f\u00fcr die gro\u00dfe Halloweenschnitzerei ist was dabei und je nach Witterung w\u00e4hrend der Wachstumszeit k\u00f6nnen sie auch mal sehr gro\u00df werden \ud83d\ude42<\/span><\/span><\/p><p><span style=\"font-size: 14.0pt; font-family: 'Tahoma','sans-serif'; color: #113df5;\">Zu guter Letzt findet ihr, je nach Gelingen, auch immer<\/span> <span style=\"font-size: 14.0pt; font-family: 'Tahoma','sans-serif'; color: #113df5;\">verschiedenste andere Gem\u00fcsearten, wie Rettich, Zwiebeln und M\u00f6hren. Eigentlich immer ab etwa Anfang Juli verf\u00fcgbar sind Zuchini.. auch hier in gr\u00fcn, gr\u00fcn gestreift, gelb, hell und verschiedene Runde.<\/span><\/p>\t\t\t\t\t\t\t\t<\/div>\n\t\t\t\t<\/div>\n\t\t\t\t<div class=\"elementor-element elementor-element-d7eac56 elementor-arrows-position-inside elementor-pagination-position-outside elementor-widget elementor-widget-image-carousel\" data-id=\"d7eac56\" data-element_type=\"widget\" data-settings=\"{&quot;slides_to_show&quot;:&quot;1&quot;,&quot;navigation&quot;:&quot;both&quot;,&quot;autoplay&quot;:&quot;yes&quot;,&quot;pause_on_hover&quot;:&quot;yes&quot;,&quot;pause_on_interaction&quot;:&quot;yes&quot;,&quot;autoplay_speed&quot;:5000,&quot;infinite&quot;:&quot;yes&quot;,&quot;effect&quot;:&quot;slide&quot;,&quot;speed&quot;:500}\" data-widget_type=\"image-carousel.default\">\n\t\t\t\t<div class=\"elementor-widget-container\">\n\t\t\t\t\t\t\t<div class=\"elementor-image-carousel-wrapper swiper\" role=\"region\" aria-roledescription=\"carousel\" aria-label=\"Bilderkarussell\" dir=\"ltr\">\n\t\t\t<div class=\"elementor-image-carousel swiper-wrapper\" aria-live=\"off\">\n\t\t\t\t\t\t\t\t<div class=\"swiper-slide\" role=\"group\" aria-roledescription=\"slide\" aria-label=\"1 von 4\"><figure class=\"swiper-slide-inner\"><img decoding=\"async\" class=\"swiper-slide-image\" src=\"https:\/\/mias-abenteuerland.com\/wpmia\/wp-content\/uploads\/2022\/09\/20220811_095847-227x300.jpg\" alt=\"20220811_095847\" \/><\/figure><\/div><div class=\"swiper-slide\" role=\"group\" aria-roledescription=\"slide\" aria-label=\"2 von 4\"><figure class=\"swiper-slide-inner\"><img decoding=\"async\" class=\"swiper-slide-image\" src=\"https:\/\/mias-abenteuerland.com\/wpmia\/wp-content\/uploads\/2022\/09\/20220728_195330-183x300.jpg\" alt=\"20220728_195330\" \/><\/figure><\/div><div class=\"swiper-slide\" role=\"group\" aria-roledescription=\"slide\" aria-label=\"3 von 4\"><figure class=\"swiper-slide-inner\"><img decoding=\"async\" class=\"swiper-slide-image\" src=\"https:\/\/mias-abenteuerland.com\/wpmia\/wp-content\/uploads\/2022\/09\/20220910_120111-225x300.jpg\" alt=\"20220910_120111\" \/><\/figure><\/div><div class=\"swiper-slide\" role=\"group\" aria-roledescription=\"slide\" aria-label=\"4 von 4\"><figure class=\"swiper-slide-inner\"><img decoding=\"async\" class=\"swiper-slide-image\" src=\"https:\/\/mias-abenteuerland.com\/wpmia\/wp-content\/uploads\/2022\/09\/20220811_095843-186x300.jpg\" alt=\"20220811_095843\" \/><\/figure><\/div>\t\t\t<\/div>\n\t\t\t\t\t\t\t\t\t\t\t\t<div class=\"elementor-swiper-button elementor-swiper-button-prev\" role=\"button\" tabindex=\"0\">\n\t\t\t\t\t\t<i aria-hidden=\"true\" class=\"eicon-chevron-left\"><\/i>\t\t\t\t\t<\/div>\n\t\t\t\t\t<div class=\"elementor-swiper-button elementor-swiper-button-next\" role=\"button\" tabindex=\"0\">\n\t\t\t\t\t\t<i aria-hidden=\"true\" class=\"eicon-chevron-right\"><\/i>\t\t\t\t\t<\/div>\n\t\t\t\t\n\t\t\t\t\t\t\t\t\t<div class=\"swiper-pagination\"><\/div>\n\t\t\t\t\t\t\t\t\t<\/div>\n\t\t\t\t\t\t<\/div>\n\t\t\t\t<\/div>\n\t\t\t\t\t<\/div>\n\t\t<\/div>\n\t\t\t\t<div class=\"elementor-column elementor-col-25 elementor-top-column elementor-element elementor-element-1b9ba84\" data-id=\"1b9ba84\" data-element_type=\"column\">\n\t\t\t<div class=\"elementor-widget-wrap\">\n\t\t\t\t\t\t\t<\/div>\n\t\t<\/div>\n\t\t\t\t\t<\/div>\n\t\t<\/section>\n\t\t\t\t<section class=\"elementor-section elementor-top-section elementor-element elementor-element-63646b10 elementor-section-content-top elementor-section-boxed elementor-section-height-default elementor-section-height-default\" data-id=\"63646b10\" data-element_type=\"section\" data-settings=\"{&quot;background_background&quot;:&quot;classic&quot;}\">\n\t\t\t\t\t\t<div class=\"elementor-container elementor-column-gap-default\">\n\t\t\t\t\t<div class=\"elementor-column elementor-col-33 elementor-top-column elementor-element elementor-element-4becd22b\" data-id=\"4becd22b\" data-element_type=\"column\">\n\t\t\t<div class=\"elementor-widget-wrap elementor-element-populated\">\n\t\t\t\t\t\t<div class=\"elementor-element elementor-element-59affef elementor-widget elementor-widget-image\" data-id=\"59affef\" data-element_type=\"widget\" data-widget_type=\"image.default\">\n\t\t\t\t<div class=\"elementor-widget-container\">\n\t\t\t\t\t\t\t\t\t\t\t\t\t\t\t\t<a href=\"https:\/\/mias-abenteuerland.com\">\n\t\t\t\t\t\t\t<img decoding=\"async\" width=\"150\" height=\"150\" src=\"https:\/\/mias-abenteuerland.com\/wpmia\/wp-content\/uploads\/2021\/02\/Elefantklein70-removebg-preview-1-150x150.png\" class=\"attachment-thumbnail size-thumbnail wp-image-43\" alt=\"\" srcset=\"https:\/\/mias-abenteuerland.com\/wpmia\/wp-content\/uploads\/2021\/02\/Elefantklein70-removebg-preview-1-150x150.png 150w, https:\/\/mias-abenteuerland.com\/wpmia\/wp-content\/uploads\/2021\/02\/Elefantklein70-removebg-preview-1-300x300.png 300w, https:\/\/mias-abenteuerland.com\/wpmia\/wp-content\/uploads\/2021\/02\/Elefantklein70-removebg-preview-1.png 500w\" sizes=\"(max-width: 150px) 100vw, 150px\" \/>\t\t\t\t\t\t\t\t<\/a>\n\t\t\t\t\t\t\t\t\t\t\t\t\t\t\t<\/div>\n\t\t\t\t<\/div>\n\t\t\t\t\t<\/div>\n\t\t<\/div>\n\t\t\t\t<div class=\"elementor-column elementor-col-33 elementor-top-column elementor-element elementor-element-4789aa60\" data-id=\"4789aa60\" data-element_type=\"column\">\n\t\t\t<div class=\"elementor-widget-wrap elementor-element-populated\">\n\t\t\t\t\t\t<div class=\"elementor-element elementor-element-2596903b elementor-widget elementor-widget-heading\" data-id=\"2596903b\" data-element_type=\"widget\" data-widget_type=\"heading.default\">\n\t\t\t\t<div class=\"elementor-widget-container\">\n\t\t\t\t\t<h2 class=\"elementor-heading-title elementor-size-default\"><a href=\"https:\/\/mias-abenteuerland.com\/?page_id=542\">AGB<\/a><\/h2>\t\t\t\t<\/div>\n\t\t\t\t<\/div>\n\t\t\t\t<div class=\"elementor-element elementor-element-221ed111 elementor-widget elementor-widget-heading\" data-id=\"221ed111\" data-element_type=\"widget\" data-widget_type=\"heading.default\">\n\t\t\t\t<div class=\"elementor-widget-container\">\n\t\t\t\t\t<h2 class=\"elementor-heading-title elementor-size-default\"><a href=\"https:\/\/mias-abenteuerland.com\/?page_id=3\">Datenschutzerkl\u00e4rung<\/a><\/h2>\t\t\t\t<\/div>\n\t\t\t\t<\/div>\n\t\t\t\t<div class=\"elementor-element elementor-element-2e95524f elementor-widget elementor-widget-heading\" data-id=\"2e95524f\" data-element_type=\"widget\" data-widget_type=\"heading.default\">\n\t\t\t\t<div class=\"elementor-widget-container\">\n\t\t\t\t\t<h2 class=\"elementor-heading-title elementor-size-default\"><a href=\"https:\/\/mias-abenteuerland.com\/?page_id=540\">Widerrufsbelehrung<\/a><\/h2>\t\t\t\t<\/div>\n\t\t\t\t<\/div>\n\t\t\t\t<div class=\"elementor-element elementor-element-15ec08fb elementor-widget elementor-widget-heading\" data-id=\"15ec08fb\" data-element_type=\"widget\" data-widget_type=\"heading.default\">\n\t\t\t\t<div class=\"elementor-widget-container\">\n\t\t\t\t\t<h2 class=\"elementor-heading-title elementor-size-default\"><a href=\"https:\/\/mias-abenteuerland.com\/?page_id=538\">Impressum<\/a><\/h2>\t\t\t\t<\/div>\n\t\t\t\t<\/div>\n\t\t\t\t\t<\/div>\n\t\t<\/div>\n\t\t\t\t<div class=\"elementor-column elementor-col-33 elementor-top-column elementor-element elementor-element-6c185242\" data-id=\"6c185242\" data-element_type=\"column\">\n\t\t\t<div class=\"elementor-widget-wrap elementor-element-populated\">\n\t\t\t\t\t\t<div class=\"elementor-element elementor-element-76aedffa elementor-widget elementor-widget-heading\" data-id=\"76aedffa\" data-element_type=\"widget\" data-widget_type=\"heading.default\">\n\t\t\t\t<div class=\"elementor-widget-container\">\n\t\t\t\t\t<h2 class=\"elementor-heading-title elementor-size-default\">Soziale Medien<\/h2>\t\t\t\t<\/div>\n\t\t\t\t<\/div>\n\t\t\t\t<div class=\"elementor-element elementor-element-733d635c e-grid-align-mobile-center elementor-shape-rounded elementor-grid-0 elementor-widget elementor-widget-social-icons\" data-id=\"733d635c\" data-element_type=\"widget\" data-widget_type=\"social-icons.default\">\n\t\t\t\t<div class=\"elementor-widget-container\">\n\t\t\t\t\t\t\t<div class=\"elementor-social-icons-wrapper elementor-grid\" role=\"list\">\n\t\t\t\t\t\t\t<span class=\"elementor-grid-item\" role=\"listitem\">\n\t\t\t\t\t<a class=\"elementor-icon elementor-social-icon elementor-social-icon-facebook-f elementor-animation-float elementor-repeater-item-b0a5f71\" href=\"https:\/\/www.facebook.com\/MIAS.Abenteuerland\" target=\"_blank\">\n\t\t\t\t\t\t<span class=\"elementor-screen-only\">Facebook-f<\/span>\n\t\t\t\t\t\t<i class=\"fab fa-facebook-f\"><\/i>\t\t\t\t\t<\/a>\n\t\t\t\t<\/span>\n\t\t\t\t\t\t\t<span class=\"elementor-grid-item\" role=\"listitem\">\n\t\t\t\t\t<a class=\"elementor-icon elementor-social-icon elementor-social-icon-instagram elementor-animation-float elementor-repeater-item-b39c128\" href=\"https:\/\/www.instagram.com\/mias_abenteuerland\/\" target=\"_blank\">\n\t\t\t\t\t\t<span class=\"elementor-screen-only\">Instagram<\/span>\n\t\t\t\t\t\t<i class=\"fab fa-instagram\"><\/i>\t\t\t\t\t<\/a>\n\t\t\t\t<\/span>\n\t\t\t\t\t<\/div>\n\t\t\t\t\t\t<\/div>\n\t\t\t\t<\/div>\n\t\t\t\t<div class=\"elementor-element elementor-element-387beb31 elementor-widget elementor-widget-heading\" data-id=\"387beb31\" data-element_type=\"widget\" data-widget_type=\"heading.default\">\n\t\t\t\t<div class=\"elementor-widget-container\">\n\t\t\t\t\t<h4 class=\"elementor-heading-title elementor-size-medium\">Mobil: 01727147073<\/h4>\t\t\t\t<\/div>\n\t\t\t\t<\/div>\n\t\t\t\t\t<\/div>\n\t\t<\/div>\n\t\t\t\t\t<\/div>\n\t\t<\/section>\n\t\t\t\t<\/div>\n\t\t","protected":false},"excerpt":{"rendered":"<p>MIAS Abenteuerland &#8211; Vielfalt in BUNT (Fast) Alles was das N\u00e4h-herz h\u00f6her schlagen l\u00e4sst Ein gro\u00dfes Herzst\u00fcck im Abenteuerland sind die Stoffe. Ihr findet bei uns mit viel Liebe und Herzblut ausgew\u00e4hlte Sch\u00e4tze aus ganz vielen Stoffqualit\u00e4ten&#8230;. Jersey, Baumwolle, Patchworkstoffe, Sweat, French Terry, Alpenfleece, Dekostoffe, Softshell, Strick, Nicki, Stretchcord, Jeans\/Chambrai, Breitcord und Feincord, Spitze, Leinen, [&hellip;]<\/p>\n","protected":false},"author":1,"featured_media":0,"parent":0,"menu_order":0,"comment_status":"closed","ping_status":"closed","template":"","meta":{"ocean_post_layout":"full-screen","ocean_both_sidebars_style":"","ocean_both_sidebars_content_width":0,"ocean_both_sidebars_sidebars_width":0,"ocean_sidebar":"0","ocean_second_sidebar":"0","ocean_disable_margins":"enable","ocean_add_body_class":"","ocean_shortcode_before_top_bar":"","ocean_shortcode_after_top_bar":"","ocean_shortcode_before_header":"","ocean_shortcode_after_header":"","ocean_has_shortcode":"","ocean_shortcode_after_title":"","ocean_shortcode_before_footer_widgets":"","ocean_shortcode_after_footer_widgets":"","ocean_shortcode_before_footer_bottom":"","ocean_shortcode_after_footer_bottom":"","ocean_display_top_bar":"on","ocean_display_header":"on","ocean_header_style":"","ocean_center_header_left_menu":"0","ocean_custom_header_template":"0","ocean_custom_logo":0,"ocean_custom_retina_logo":0,"ocean_custom_logo_max_width":0,"ocean_custom_logo_tablet_max_width":0,"ocean_custom_logo_mobile_max_width":0,"ocean_custom_logo_max_height":0,"ocean_custom_logo_tablet_max_height":0,"ocean_custom_logo_mobile_max_height":0,"ocean_header_custom_menu":"0","ocean_menu_typo_font_family":"0","ocean_menu_typo_font_subset":"","ocean_menu_typo_font_size":0,"ocean_menu_typo_font_size_tablet":0,"ocean_menu_typo_font_size_mobile":0,"ocean_menu_typo_font_size_unit":"px","ocean_menu_typo_font_weight":"","ocean_menu_typo_font_weight_tablet":"","ocean_menu_typo_font_weight_mobile":"","ocean_menu_typo_transform":"","ocean_menu_typo_transform_tablet":"","ocean_menu_typo_transform_mobile":"","ocean_menu_typo_line_height":0,"ocean_menu_typo_line_height_tablet":0,"ocean_menu_typo_line_height_mobile":0,"ocean_menu_typo_line_height_unit":"","ocean_menu_typo_spacing":0,"ocean_menu_typo_spacing_tablet":0,"ocean_menu_typo_spacing_mobile":0,"ocean_menu_typo_spacing_unit":"","ocean_menu_link_color":"","ocean_menu_link_color_hover":"","ocean_menu_link_color_active":"","ocean_menu_link_background":"","ocean_menu_link_hover_background":"","ocean_menu_link_active_background":"","ocean_menu_social_links_bg":"","ocean_menu_social_hover_links_bg":"","ocean_menu_social_links_color":"","ocean_menu_social_hover_links_color":"","ocean_disable_title":"on","ocean_disable_heading":"default","ocean_post_title":"","ocean_post_subheading":"","ocean_post_title_style":"","ocean_post_title_background_color":"","ocean_post_title_background":0,"ocean_post_title_bg_image_position":"","ocean_post_title_bg_image_attachment":"","ocean_post_title_bg_image_repeat":"","ocean_post_title_bg_image_size":"","ocean_post_title_height":0,"ocean_post_title_bg_overlay":0.5,"ocean_post_title_bg_overlay_color":"","ocean_disable_breadcrumbs":"default","ocean_breadcrumbs_color":"","ocean_breadcrumbs_separator_color":"","ocean_breadcrumbs_links_color":"","ocean_breadcrumbs_links_hover_color":"","ocean_display_footer_widgets":"off","ocean_display_footer_bottom":"off","ocean_custom_footer_template":"0","footnotes":""},"class_list":["post-47","page","type-page","status-publish","hentry","entry"],"_links":{"self":[{"href":"https:\/\/mias-abenteuerland.com\/index.php?rest_route=\/wp\/v2\/pages\/47","targetHints":{"allow":["GET"]}}],"collection":[{"href":"https:\/\/mias-abenteuerland.com\/index.php?rest_route=\/wp\/v2\/pages"}],"about":[{"href":"https:\/\/mias-abenteuerland.com\/index.php?rest_route=\/wp\/v2\/types\/page"}],"author":[{"embeddable":true,"href":"https:\/\/mias-abenteuerland.com\/index.php?rest_route=\/wp\/v2\/users\/1"}],"replies":[{"embeddable":true,"href":"https:\/\/mias-abenteuerland.com\/index.php?rest_route=%2Fwp%2Fv2%2Fcomments&post=47"}],"version-history":[{"count":0,"href":"https:\/\/mias-abenteuerland.com\/index.php?rest_route=\/wp\/v2\/pages\/47\/revisions"}],"wp:attachment":[{"href":"https:\/\/mias-abenteuerland.com\/index.php?rest_route=%2Fwp%2Fv2%2Fmedia&parent=47"}],"curies":[{"name":"wp","href":"https:\/\/api.w.org\/{rel}","templated":true}]}}